{"id":69,"date":"2018-02-28T16:14:41","date_gmt":"2018-02-28T15:14:41","guid":{"rendered":"http:\/\/lecloschamplieu.fr\/?page_id=69"},"modified":"2023-09-29T16:04:00","modified_gmt":"2023-09-29T14:04:00","slug":"accueil","status":"publish","type":"page","link":"https:\/\/lecloschamplieu.fr\/","title":{"rendered":""},"content":{"rendered":"<p style=\"text-align: center;\"><strong>Envie de vacances \u00e0 la campagne dans un cadre naturel et historique exceptionnel?<\/strong><\/p>\r\n<p style=\"text-align: center;\"><strong>Besoin d&rsquo;un h\u00e9bergement de qualit\u00e9 pendant vos d\u00e9placements professionnels?<\/strong><\/p>\r\n<p style=\"text-align: center;\"><strong>C\u00e9cile et S\u00e9bastien vous accueillent toute l&rsquo;ann\u00e9e, dans une ambiance confortable et chaleureuse. <\/strong><\/p>\r\n<p style=\"text-align: center;\"><strong>Consultez les disponibilit\u00e9s et r\u00e9servez directement votre g\u00eete ici : \u00a0<a href=\"https:\/\/lecloschamplieu.fr\/?page_id=200\">https:\/\/lecloschamplieu.fr\/?page_id=200<\/a><\/strong><\/p>\r\n<p style=\"text-align: center;\"><strong><img decoding=\"async\" loading=\"lazy\" class=\"aligncenter wp-image-921 size-medium\" src=\"https:\/\/lecloschamplieu.fr\/wp-content\/uploads\/2018\/03\/cropped-05-e1521888547678-300x193.jpg\" alt=\"\" width=\"300\" height=\"193\" srcset=\"https:\/\/lecloschamplieu.fr\/wp-content\/uploads\/2018\/03\/cropped-05-e1521888547678-300x193.jpg 300w, https:\/\/lecloschamplieu.fr\/wp-content\/uploads\/2018\/03\/cropped-05-e1521888547678-1024x660.jpg 1024w, https:\/\/lecloschamplieu.fr\/wp-content\/uploads\/2018\/03\/cropped-05-e1521888547678-768x495.jpg 768w, https:\/\/lecloschamplieu.fr\/wp-content\/uploads\/2018\/03\/cropped-05-e1521888547678-1536x990.jpg 1536w, https:\/\/lecloschamplieu.fr\/wp-content\/uploads\/2018\/03\/cropped-05-e1521888547678.jpg 2000w\" sizes=\"(max-width: 300px) 100vw, 300px\" \/><\/strong><\/p>\r\n\r\n\r\n\r\n<p style=\"text-align: center;\"><strong>Nous sommes \u00e0 votre disposition<\/strong><strong>\u00a0<\/strong><strong>si vous avez besoin d&rsquo;informations compl\u00e9mentaires!<\/strong><\/p>\r\n\r\n<div data-test='contact-form' id='contact-form-69' class='wp-block-jetpack-contact-form-container '>\n<form action='https:\/\/lecloschamplieu.fr\/#contact-form-69' method='post' class='contact-form commentsblock'>\n<script>\n\t\t\t( function () {\n\t\t\t\tconst contact_forms = document.getElementsByClassName('contact-form');\n\n\t\t\t\tfor ( const form of contact_forms ) {\n\t\t\t\t\tform.onsubmit = function() {\n\t\t\t\t\t\tconst buttons = form.getElementsByTagName('button');\n\n\t\t\t\t\t\tfor( const button of buttons ) {\n\t\t\t\t\t\t\tbutton.setAttribute('disabled', true);\n\t\t\t\t\t\t}\n\t\t\t\t\t}\n\t\t\t\t}\n\t\t\t} )();\n\t\t<\/script>\n<div style=\"\" class='grunion-field-name-wrap grunion-field-wrap'  >\n<label\n\t\t\t\tfor='g69-nom'\n\t\t\t\tclass='grunion-field-label name'>Nom<span>(obligatoire)<\/span><\/label>\n<input\n\t\t\t\t\ttype='text'\n\t\t\t\t\tname='g69-nom'\n\t\t\t\t\tid='g69-nom'\n\t\t\t\t\tvalue=''\n\t\t\t\t\tclass='name  grunion-field' \n\t\t\t\t\trequired aria-required='true' \/>\n\t<\/div>\n\n<div style=\"\" class='grunion-field-email-wrap grunion-field-wrap'  >\n<label\n\t\t\t\tfor='g69-email'\n\t\t\t\tclass='grunion-field-label email'>E-mail<span>(obligatoire)<\/span><\/label>\n<input\n\t\t\t\t\ttype='email'\n\t\t\t\t\tname='g69-email'\n\t\t\t\t\tid='g69-email'\n\t\t\t\t\tvalue=''\n\t\t\t\t\tclass='email  grunion-field' \n\t\t\t\t\trequired aria-required='true' \/>\n\t<\/div>\n\n<div style=\"\" class='grunion-field-url-wrap grunion-field-wrap'  >\n<label\n\t\t\t\tfor='g69-siteweb'\n\t\t\t\tclass='grunion-field-label url'>Site web<\/label>\n<input\n\t\t\t\t\ttype='text'\n\t\t\t\t\tname='g69-siteweb'\n\t\t\t\t\tid='g69-siteweb'\n\t\t\t\t\tvalue=''\n\t\t\t\t\tclass='url  grunion-field' \n\t\t\t\t\ttitle=\"Veuillez saisir une URL valide - https:\/\/www.exemple.fr\" oninvalid=\"setCustomValidity(&quot;Veuillez saisir une URL valide - https:\/\/www.exemple.fr&quot;)\" oninput=\"setCustomValidity(&quot;&quot;)\" pattern=\"(([:\\\/a-zA-Z0-9_\\-]+)?(\\.[a-zA-Z0-9_\\-\\\/]+)+)\" data-type-override=\"url\"  \/>\n\t<\/div>\n\n<div style=\"\" class='grunion-field-textarea-wrap grunion-field-wrap'  >\n<label\n\t\t\t\tfor='contact-form-comment-g69-message'\n\t\t\t\tclass='grunion-field-label textarea'>Message<\/label>\n<textarea\n\t\t                style=''\n\t\t                name='g69-message'\n\t\t                id='contact-form-comment-g69-message'\n\t\t                rows='20' class='textarea  grunion-field'  ><\/textarea>\n\t<\/div>\n\t<p class='contact-submit'>\n\t\t<button type='submit' class='pushbutton-wide'>Envoyer<\/button>\t\t<input type='hidden' name='contact-form-id' value='69' \/>\n\t\t<input type='hidden' name='action' value='grunion-contact-form' \/>\n\t\t<input type='hidden' name='contact-form-hash' value='ac23c4b6fd04a3801186a8c6b76c5a6bbfea18e0' \/>\n\t<\/p>\n<p style=\"display: none !important;\"><label>&#916;<textarea name=\"ak_hp_textarea\" cols=\"45\" rows=\"8\" maxlength=\"100\"><\/textarea><\/label><input type=\"hidden\" id=\"ak_js_1\" name=\"ak_js\" value=\"201\"\/><script>document.getElementById( \"ak_js_1\" ).setAttribute( \"value\", ( new Date() ).getTime() );<\/script><\/p><\/form>\n<\/div>\r\n<p>&nbsp;<\/p>\r\n","protected":false},"excerpt":{"rendered":"<p>Envie de vacances \u00e0 la campagne dans un cadre naturel et historique exceptionnel? Besoin d&rsquo;un h\u00e9bergement de qualit\u00e9 pendant vos d\u00e9placements professionnels? C\u00e9cile et S\u00e9bastien &hellip; <\/p>\n","protected":false},"author":1,"featured_media":0,"parent":0,"menu_order":0,"comment_status":"closed","ping_status":"closed","template":"","meta":{"jetpack_post_was_ever_published":false},"jetpack_sharing_enabled":true,"jetpack_shortlink":"https:\/\/wp.me\/P9JC1s-17","_links":{"self":[{"href":"https:\/\/lecloschamplieu.fr\/index.php?rest_route=\/wp\/v2\/pages\/69"}],"collection":[{"href":"https:\/\/lecloschamplieu.fr\/index.php?rest_route=\/wp\/v2\/pages"}],"about":[{"href":"https:\/\/lecloschamplieu.fr\/index.php?rest_route=\/wp\/v2\/types\/page"}],"author":[{"embeddable":true,"href":"https:\/\/lecloschamplieu.fr\/index.php?rest_route=\/wp\/v2\/users\/1"}],"replies":[{"embeddable":true,"href":"https:\/\/lecloschamplieu.fr\/index.php?rest_route=%2Fwp%2Fv2%2Fcomments&post=69"}],"version-history":[{"count":50,"href":"https:\/\/lecloschamplieu.fr\/index.php?rest_route=\/wp\/v2\/pages\/69\/revisions"}],"predecessor-version":[{"id":1132,"href":"https:\/\/lecloschamplieu.fr\/index.php?rest_route=\/wp\/v2\/pages\/69\/revisions\/1132"}],"wp:attachment":[{"href":"https:\/\/lecloschamplieu.fr\/index.php?rest_route=%2Fwp%2Fv2%2Fmedia&parent=69"}],"curies":[{"name":"wp","href":"https:\/\/api.w.org\/{rel}","templated":true}]}}