{"id":356,"date":"2018-03-25T17:14:51","date_gmt":"2018-03-25T15:14:51","guid":{"rendered":"http:\/\/lecloschamplieu.fr\/?page_id=356"},"modified":"2018-03-25T17:55:55","modified_gmt":"2018-03-25T15:55:55","slug":"patrimoine-historique-et-culturel-2","status":"publish","type":"page","link":"https:\/\/lecloschamplieu.fr\/?page_id=356","title":{"rendered":"Patrimoine historique et culturel"},"content":{"rendered":"<p>Difficile d&rsquo;\u00eatre exhaustifs, tant les lieux \u00e0 d\u00e9couvrir sont nombreux!<\/p>\n<p>N\u00e9anmoins, nous vous conseillons l&rsquo;excellent site<a href=\"http:\/\/www.oisetourisme.com\/\"> http:\/\/www.oisetourisme.com\/<\/a> pour pr\u00e9parer vos sorties et visites dans la r\u00e9gion!<\/p>\n<p>Selon nous, voici quelques incontournables, \u00e0 ne pas manquer!<\/p>\n<ul>\n<li>Le palais de Compi\u00e8gne<\/li>\n<\/ul>\n<p><img decoding=\"async\" loading=\"lazy\" class=\"alignnone  wp-image-377 aligncenter\" src=\"https:\/\/lecloschamplieu.fr\/wp-content\/uploads\/2018\/03\/palais_de_compiegne.jpg\" alt=\"\" width=\"219\" height=\"219\" srcset=\"https:\/\/lecloschamplieu.fr\/wp-content\/uploads\/2018\/03\/palais_de_compiegne.jpg 300w, https:\/\/lecloschamplieu.fr\/wp-content\/uploads\/2018\/03\/palais_de_compiegne-150x150.jpg 150w\" sizes=\"(max-width: 219px) 100vw, 219px\" \/><\/p>\n<ul>\n<li>Le ch\u00e2teau de Pierrefonds<\/li>\n<\/ul>\n<p><img decoding=\"async\" loading=\"lazy\" class=\"alignnone size-full wp-image-378 aligncenter\" src=\"https:\/\/lecloschamplieu.fr\/wp-content\/uploads\/2018\/03\/images.jpg\" alt=\"\" width=\"216\" height=\"234\" \/><\/p>\n<ul>\n<li>Le domaine de Chantilly<\/li>\n<\/ul>\n<p><img decoding=\"async\" loading=\"lazy\" class=\"alignnone size-full wp-image-379 aligncenter\" src=\"https:\/\/lecloschamplieu.fr\/wp-content\/uploads\/2018\/03\/index.jpg\" alt=\"\" width=\"275\" height=\"183\" \/><\/p>\n<ul>\n<li>La clairi\u00e8re de l&rsquo;Armistice, \u00e0 Rethondes<\/li>\n<\/ul>\n<p><img decoding=\"async\" loading=\"lazy\" class=\"alignnone size-full wp-image-380 aligncenter\" src=\"https:\/\/lecloschamplieu.fr\/wp-content\/uploads\/2018\/03\/index-1.jpg\" alt=\"\" width=\"278\" height=\"181\" \/><\/p>\n<ul>\n<li>La cath\u00e9drale de Senlis<\/li>\n<\/ul>\n<p><img decoding=\"async\" loading=\"lazy\" class=\"size-medium wp-image-381 aligncenter\" src=\"https:\/\/lecloschamplieu.fr\/wp-content\/uploads\/2018\/03\/cathedralesite-fnotsi-300x225.jpg\" alt=\"\" width=\"300\" height=\"225\" srcset=\"https:\/\/lecloschamplieu.fr\/wp-content\/uploads\/2018\/03\/cathedralesite-fnotsi-300x225.jpg 300w, https:\/\/lecloschamplieu.fr\/wp-content\/uploads\/2018\/03\/cathedralesite-fnotsi-768x576.jpg 768w, https:\/\/lecloschamplieu.fr\/wp-content\/uploads\/2018\/03\/cathedralesite-fnotsi-1024x768.jpg 1024w, https:\/\/lecloschamplieu.fr\/wp-content\/uploads\/2018\/03\/cathedralesite-fnotsi.jpg 1280w\" sizes=\"(max-width: 300px) 100vw, 300px\" \/><\/p>\n<ul>\n<li>La cath\u00e9drale de Beauvais<\/li>\n<\/ul>\n<p><img decoding=\"async\" loading=\"lazy\" class=\"size-full wp-image-382 aligncenter\" src=\"https:\/\/lecloschamplieu.fr\/wp-content\/uploads\/2018\/03\/index1.jpg\" alt=\"\" width=\"284\" height=\"177\" \/><\/p>\n","protected":false},"excerpt":{"rendered":"<p>Difficile d&rsquo;\u00eatre exhaustifs, tant les lieux \u00e0 d\u00e9couvrir sont nombreux! N\u00e9anmoins, nous vous conseillons l&rsquo;excellent site http:\/\/www.oisetourisme.com\/ pour pr\u00e9parer vos sorties et visites dans la &hellip; <\/p>\n","protected":false},"author":1,"featured_media":0,"parent":0,"menu_order":0,"comment_status":"closed","ping_status":"closed","template":"","meta":{"jetpack_post_was_ever_published":false},"jetpack_sharing_enabled":true,"jetpack_shortlink":"https:\/\/wp.me\/P9JC1s-5K","_links":{"self":[{"href":"https:\/\/lecloschamplieu.fr\/index.php?rest_route=\/wp\/v2\/pages\/356"}],"collection":[{"href":"https:\/\/lecloschamplieu.fr\/index.php?rest_route=\/wp\/v2\/pages"}],"about":[{"href":"https:\/\/lecloschamplieu.fr\/index.php?rest_route=\/wp\/v2\/types\/page"}],"author":[{"embeddable":true,"href":"https:\/\/lecloschamplieu.fr\/index.php?rest_route=\/wp\/v2\/users\/1"}],"replies":[{"embeddable":true,"href":"https:\/\/lecloschamplieu.fr\/index.php?rest_route=%2Fwp%2Fv2%2Fcomments&post=356"}],"version-history":[{"count":3,"href":"https:\/\/lecloschamplieu.fr\/index.php?rest_route=\/wp\/v2\/pages\/356\/revisions"}],"predecessor-version":[{"id":383,"href":"https:\/\/lecloschamplieu.fr\/index.php?rest_route=\/wp\/v2\/pages\/356\/revisions\/383"}],"wp:attachment":[{"href":"https:\/\/lecloschamplieu.fr\/index.php?rest_route=%2Fwp%2Fv2%2Fmedia&parent=356"}],"curies":[{"name":"wp","href":"https:\/\/api.w.org\/{rel}","templated":true}]}}