{"id":266,"date":"2018-03-24T10:42:41","date_gmt":"2018-03-24T09:42:41","guid":{"rendered":"http:\/\/lecloschamplieu.fr\/?page_id=266"},"modified":"2018-03-25T19:16:50","modified_gmt":"2018-03-25T17:16:50","slug":"activites-sportives-et-de-pleine-nature","status":"publish","type":"page","link":"https:\/\/lecloschamplieu.fr\/?page_id=266","title":{"rendered":"Activit\u00e9s sportives et de pleine nature"},"content":{"rendered":"<p>Le gite est \u00e0 quelques dizaines de m\u00e8tres de la superbe for\u00eat domaniale de Compi\u00e8gne: des balades, des parcours d&rsquo;orientation et des randonn\u00e9es \u00e0 pied, \u00e0 v\u00e9lo ou m\u00eame \u00e0 cheval sont possibles, pour toute la famille. Une carte des promenades les plus proches est \u00e0 votre disposition dans le gite.<\/p>\n<p>Location de v\u00e9los: <a href=\"http:\/\/www.picardieforetsvertes.com\/location_velo\/\">http:\/\/www.picardieforetsvertes.com\/location_velo\/<\/a><\/p>\n<p>Vous pouvez \u00e9galement embarquer sur une p\u00e9niche, afin de d\u00e9couvrir l&rsquo;Oise depuis&#8230; l&rsquo;Oise! <a href=\"http:\/\/www.citedesbateliers.com\/\">http:\/\/www.citedesbateliers.com\/<\/a><\/p>\n<p>De nombreux villages de charme sont parsem\u00e9s dans le d\u00e9partement. Citons notamment le village de Gerberoy qui est un des \u00ab\u00a0plus beaux villages de France\u00a0\u00bb, surtout au moment de la f\u00eate des roses, le premier dimanche de juin. N&rsquo;h\u00e9sitez pas \u00e0 vous y rendre, vous ne le regretterez pas!<\/p>\n<p><img decoding=\"async\" loading=\"lazy\" class=\"alignnone wp-image-386 aligncenter\" src=\"https:\/\/lecloschamplieu.fr\/wp-content\/uploads\/2018\/03\/index3.jpg\" alt=\"\" width=\"459\" height=\"304\" \/><\/p>\n<p>&nbsp;<\/p>\n<p>De nombreux parcs d&rsquo;attraction vous attendent, d\u00e8s le mois d&rsquo;avril pour la plupart d&rsquo;entre eux: Le Parc Ast\u00e9rix pr\u00e8s de Chantilly, La Mer de Sable \u00e0 Ermenonville, le Parc Saint-Paul pr\u00e8s de Beauvais.<\/p>\n<p>Pour les petits sportifs, avides de d\u00e9couverte en tout genre, le Park Nautic de Verberie vous accueille autour de diff\u00e9rentes activit\u00e9s telles que le paddle, les bou\u00e9es, le t\u00e9l\u00e9ski&#8230;: <a href=\"http:\/\/www.parknauticverberie.com\/#nav-home\">http:\/\/www.parknauticverberie.com\/#nav-home<\/a>. Pour ceux qui sont plus \u00e0 l&rsquo;aise dans les airs, le parcours dans les arbres propos\u00e9 par Grimp&rsquo;\u00e0 l&rsquo;arb, \u00e0 Pierrefonds est pour eux! : <a href=\"http:\/\/www.grimpalarb.fr\/\">http:\/\/www.grimpalarb.fr\/<\/a><\/p>\n<p>Bref, vous l&rsquo;aurez compris, il y en a pour tous les go\u00fbts dans l&rsquo;Oise!<\/p>\n","protected":false},"excerpt":{"rendered":"<p>Le gite est \u00e0 quelques dizaines de m\u00e8tres de la superbe for\u00eat domaniale de Compi\u00e8gne: des balades, des parcours d&rsquo;orientation et des randonn\u00e9es \u00e0 pied, &hellip; <\/p>\n","protected":false},"author":1,"featured_media":0,"parent":0,"menu_order":0,"comment_status":"closed","ping_status":"closed","template":"","meta":{"jetpack_post_was_ever_published":false},"jetpack_sharing_enabled":true,"jetpack_shortlink":"https:\/\/wp.me\/P9JC1s-4i","_links":{"self":[{"href":"https:\/\/lecloschamplieu.fr\/index.php?rest_route=\/wp\/v2\/pages\/266"}],"collection":[{"href":"https:\/\/lecloschamplieu.fr\/index.php?rest_route=\/wp\/v2\/pages"}],"about":[{"href":"https:\/\/lecloschamplieu.fr\/index.php?rest_route=\/wp\/v2\/types\/page"}],"author":[{"embeddable":true,"href":"https:\/\/lecloschamplieu.fr\/index.php?rest_route=\/wp\/v2\/users\/1"}],"replies":[{"embeddable":true,"href":"https:\/\/lecloschamplieu.fr\/index.php?rest_route=%2Fwp%2Fv2%2Fcomments&post=266"}],"version-history":[{"count":8,"href":"https:\/\/lecloschamplieu.fr\/index.php?rest_route=\/wp\/v2\/pages\/266\/revisions"}],"predecessor-version":[{"id":391,"href":"https:\/\/lecloschamplieu.fr\/index.php?rest_route=\/wp\/v2\/pages\/266\/revisions\/391"}],"wp:attachment":[{"href":"https:\/\/lecloschamplieu.fr\/index.php?rest_route=%2Fwp%2Fv2%2Fmedia&parent=266"}],"curies":[{"name":"wp","href":"https:\/\/api.w.org\/{rel}","templated":true}]}}