{"id":262,"date":"2018-03-24T10:41:25","date_gmt":"2018-03-24T09:41:25","guid":{"rendered":"http:\/\/lecloschamplieu.fr\/?page_id=262"},"modified":"2018-03-25T17:04:40","modified_gmt":"2018-03-25T15:04:40","slug":"dans-les-environs","status":"publish","type":"page","link":"https:\/\/lecloschamplieu.fr\/?page_id=262","title":{"rendered":"Dans les environs"},"content":{"rendered":"<p>Le Gite Le Clos Champlieu est situ\u00e9 dans le Sud du d\u00e9partement de l&rsquo;Oise, dans la r\u00e9gion des Hauts-de-France.<\/p>\n<p>Beaucoup d&rsquo;endroits magnifiques vous y attendent: patrimoine historique et culturel, sorties nature et sportives adapt\u00e9es aux petits comme aux plus grands. Vous serez combl\u00e9s par la multitude d&rsquo;activit\u00e9s possibles autour du gite!<\/p>\n<p>Alors n&rsquo;h\u00e9sitez plus, venez visiter notre belle r\u00e9gion!<\/p>\n","protected":false},"excerpt":{"rendered":"<p>Le Gite Le Clos Champlieu est situ\u00e9 dans le Sud du d\u00e9partement de l&rsquo;Oise, dans la r\u00e9gion des Hauts-de-France. Beaucoup d&rsquo;endroits magnifiques vous y attendent: &hellip; <\/p>\n","protected":false},"author":1,"featured_media":0,"parent":0,"menu_order":0,"comment_status":"closed","ping_status":"closed","template":"","meta":{"jetpack_post_was_ever_published":false},"jetpack_sharing_enabled":true,"jetpack_shortlink":"https:\/\/wp.me\/P9JC1s-4e","_links":{"self":[{"href":"https:\/\/lecloschamplieu.fr\/index.php?rest_route=\/wp\/v2\/pages\/262"}],"collection":[{"href":"https:\/\/lecloschamplieu.fr\/index.php?rest_route=\/wp\/v2\/pages"}],"about":[{"href":"https:\/\/lecloschamplieu.fr\/index.php?rest_route=\/wp\/v2\/types\/page"}],"author":[{"embeddable":true,"href":"https:\/\/lecloschamplieu.fr\/index.php?rest_route=\/wp\/v2\/users\/1"}],"replies":[{"embeddable":true,"href":"https:\/\/lecloschamplieu.fr\/index.php?rest_route=%2Fwp%2Fv2%2Fcomments&post=262"}],"version-history":[{"count":4,"href":"https:\/\/lecloschamplieu.fr\/index.php?rest_route=\/wp\/v2\/pages\/262\/revisions"}],"predecessor-version":[{"id":352,"href":"https:\/\/lecloschamplieu.fr\/index.php?rest_route=\/wp\/v2\/pages\/262\/revisions\/352"}],"wp:attachment":[{"href":"https:\/\/lecloschamplieu.fr\/index.php?rest_route=%2Fwp%2Fv2%2Fmedia&parent=262"}],"curies":[{"name":"wp","href":"https:\/\/api.w.org\/{rel}","templated":true}]}}