{"id":259,"date":"2018-03-24T10:40:54","date_gmt":"2018-03-24T09:40:54","guid":{"rendered":"http:\/\/lecloschamplieu.fr\/?page_id=259"},"modified":"2023-09-25T16:14:38","modified_gmt":"2023-09-25T14:14:38","slug":"acces","status":"publish","type":"page","link":"https:\/\/lecloschamplieu.fr\/?page_id=259","title":{"rendered":""},"content":{"rendered":"<p>&nbsp;<\/p>\n<p><strong>Nos g\u00eetes se situent dans le hameau de Champlieu, \u00e0 3 kilom\u00e8tres de la commune d&rsquo;Orrouy, entre Compi\u00e8gne (\u00e0 16 kilom\u00e8tres) et Cr\u00e9py-en-Valois (\u00e0 12 kilom\u00e8tres).<\/strong><\/p>\n<p><strong>Nous sommes proches des axes de communication important: l&rsquo;a\u00e9roport Roissy-Charles de Gaulle est \u00e0 45 minutes et l&rsquo;autoroute A1 \u00e0 15 minutes.<\/strong><\/p>\n<div class=\"vsg-map\"><iframe align=\"left\" width=\"400\" height=\"380\" frameborder=\"0\" scrolling=\"no\" marginheight=\"0\" marginwidth=\"0\" src=\"https:\/\/maps.google.com\/maps?&q=2004%2BR%C3%A9s%2BChamplieu%2C%2B60129%2BOrrouy&amp;cid=&amp;t=m&amp;center=2004%2BR%C3%A9s%2BChamplieu%2C%2B60129%2BOrrouy&output=embed&z=14&iwloc=A&visual_refresh=true\"><\/iframe><\/div>\n<p><strong>\u00a0<\/strong><\/p>\n<p><strong>Pour vous rendre aux g\u00eetes depuis Orrouy, il vous faudra emprunter la petite route qui monte sur les hauts du village juste devant le ch\u00e2teau. Vous pouvez suivre la direction des ruines gallo-romaines de Champlieu. La route serpente et monte jusqu&rsquo;au plateau o\u00f9 vous parcourrez 3 kilom\u00e8tres avant d&rsquo;apercevoir le hameau. Le g\u00eete du Clos Champlieu se situe au num\u00e9ro 8 et le g\u00eete du Grand Fr\u00eane au num\u00e9ro 25.<br \/>\n<\/strong><\/p>\n<p><strong>Coordonn\u00e9es GPS:\u00a0 latitude:49.3052607\u00a0\u00a0\u00a0 longitude: 2.8469198<\/strong><\/p>\n<p><strong>Sur Google maps: <a href=\"https:\/\/g.page\/gitechamplieu?share\">Lien vers google<\/a><\/strong><\/p>\n","protected":false},"excerpt":{"rendered":"<p>&nbsp; Nos g\u00eetes se situent dans le hameau de Champlieu, \u00e0 3 kilom\u00e8tres de la commune d&rsquo;Orrouy, entre Compi\u00e8gne (\u00e0 16 kilom\u00e8tres) et Cr\u00e9py-en-Valois (\u00e0 &hellip; <\/p>\n","protected":false},"author":1,"featured_media":0,"parent":0,"menu_order":0,"comment_status":"closed","ping_status":"closed","template":"","meta":{"jetpack_post_was_ever_published":false},"jetpack_sharing_enabled":true,"jetpack_shortlink":"https:\/\/wp.me\/P9JC1s-4b","_links":{"self":[{"href":"https:\/\/lecloschamplieu.fr\/index.php?rest_route=\/wp\/v2\/pages\/259"}],"collection":[{"href":"https:\/\/lecloschamplieu.fr\/index.php?rest_route=\/wp\/v2\/pages"}],"about":[{"href":"https:\/\/lecloschamplieu.fr\/index.php?rest_route=\/wp\/v2\/types\/page"}],"author":[{"embeddable":true,"href":"https:\/\/lecloschamplieu.fr\/index.php?rest_route=\/wp\/v2\/users\/1"}],"replies":[{"embeddable":true,"href":"https:\/\/lecloschamplieu.fr\/index.php?rest_route=%2Fwp%2Fv2%2Fcomments&post=259"}],"version-history":[{"count":16,"href":"https:\/\/lecloschamplieu.fr\/index.php?rest_route=\/wp\/v2\/pages\/259\/revisions"}],"predecessor-version":[{"id":1116,"href":"https:\/\/lecloschamplieu.fr\/index.php?rest_route=\/wp\/v2\/pages\/259\/revisions\/1116"}],"wp:attachment":[{"href":"https:\/\/lecloschamplieu.fr\/index.php?rest_route=%2Fwp%2Fv2%2Fmedia&parent=259"}],"curies":[{"name":"wp","href":"https:\/\/api.w.org\/{rel}","templated":true}]}}